{"id":1465,"date":"2018-03-15T13:33:28","date_gmt":"2018-03-15T12:33:28","guid":{"rendered":"http:\/\/dejligcruise.se\/boat-trips-and-island-hopping-in-bohuslan-archipelago\/boat-trip-lysekil-marstrand-island-hopping\/"},"modified":"2019-06-25T12:01:10","modified_gmt":"2019-06-25T10:01:10","slug":"boat-trip-lysekil-marstrand-island-hopping","status":"publish","type":"page","link":"https:\/\/dejlig.elfordig.se\/en\/boat-trips-and-island-hopping-in-bohuslan-archipelago\/boat-trip-lysekil-marstrand-island-hopping\/","title":{"rendered":"Boat trip Lysekil-Marstrand roundtrip"},"content":{"rendered":"<p>[vc_row][vc_column width=\u201d2\/3\u2033][vc_column_text]<\/p>\n<h2><span style=\"color: #ff0000;\"><strong>In 2019 this route is only offered to charter groups. There is no set time table for this tour in 2019! <\/strong><\/span><\/h2>\n<p>Fiskeb\u00e4ckskil-Lysekil-Marstrand roundtrip via Grundsund, Gullholmen and more stops.<\/p>\n<p>The route goes along the \u201cblue E6\u201d close to the coastal hamlets and among the islets. Here you can really enjoy the archipelago at close range! We pass many coastal hamlets along the route. You will have a day full of experiences onboard and ashore.[\/vc_column_text][vc_column_text]<\/p>\n<div id='gallery-1' class='gallery galleryid-1465 gallery-columns-4 gallery-size-thumbnail'><figure class='gallery-item'>\n\t\t\t<div class='gallery-icon portrait'>\n\t\t\t\t<a href='https:\/\/dejlig.elfordig.se\/wp-content\/uploads\/2015\/04\/Windros_skargard-31.jpg'><img decoding=\"async\" width=\"150\" height=\"150\" src=\"https:\/\/dejlig.elfordig.se\/wp-content\/uploads\/2015\/04\/Windros_skargard-31-150x150.jpg\" class=\"attachment-thumbnail size-thumbnail\" alt=\"\" style=\"width:100%;height:149.93%;max-width:667px;\" \/><\/a>\n\t\t\t<\/div><\/figure><figure class='gallery-item'>\n\t\t\t<div class='gallery-icon landscape'>\n\t\t\t\t<a href='https:\/\/dejlig.elfordig.se\/wp-content\/uploads\/2015\/04\/Strandgossar_kvadrat.jpg'><img decoding=\"async\" width=\"150\" height=\"150\" src=\"https:\/\/dejlig.elfordig.se\/wp-content\/uploads\/2015\/04\/Strandgossar_kvadrat-150x150.jpg\" class=\"attachment-thumbnail size-thumbnail\" alt=\"\" style=\"width:100%;height:100%;max-width:500px;\" \/><\/a>\n\t\t\t<\/div><\/figure><figure class='gallery-item'>\n\t\t\t<div class='gallery-icon landscape'>\n\t\t\t\t<a href='https:\/\/dejlig.elfordig.se\/wp-content\/uploads\/2015\/04\/Granitklippor_segling.jpg'><img decoding=\"async\" width=\"150\" height=\"150\" src=\"https:\/\/dejlig.elfordig.se\/wp-content\/uploads\/2015\/04\/Granitklippor_segling-150x150.jpg\" class=\"attachment-thumbnail size-thumbnail\" alt=\"\" style=\"width:100%;height:66.7%;max-width:1000px;\" \/><\/a>\n\t\t\t<\/div><\/figure><figure class='gallery-item'>\n\t\t\t<div class='gallery-icon landscape'>\n\t\t\t\t<a href='https:\/\/dejlig.elfordig.se\/wp-content\/uploads\/2015\/04\/Marstrand_abl2.jpg'><img loading=\"lazy\" decoding=\"async\" width=\"150\" height=\"150\" src=\"https:\/\/dejlig.elfordig.se\/wp-content\/uploads\/2015\/04\/Marstrand_abl2-150x150.jpg\" class=\"attachment-thumbnail size-thumbnail\" alt=\"\" style=\"width:100%;height:54.1%;max-width:1000px;\" \/><\/a>\n\t\t\t<\/div><\/figure>\n\t\t<\/div>\n\n<p>Once arrived you can experience Marstrand with all its history and beautiful surroundings. There\u2019s always something going on at the dock!<\/p>\n<p>\u00a0<\/p>\n<h3>Book a ticket:<\/h3>\n<p>Pre booking only. <span style=\"color: #ff6600;\">Please call us on phone +46(0)523-233 52 to book a ticket, latest by 8 PM the day before travelling.\u00a0<\/span>\u00a0Price SEK 600 per adult round trip. Children younger than 15 years old travel at half price. Push bikes welcome, at SEK 150\/bike. Buying a one way or shorter-distance-ticket is possible. The boat takes 75 passengers and this trip runs once a week. The shipping company reserves the right to cancel the trip if there are strong winds. Welcome onboard![\/vc_column_text][vc_column_text][custom_table]<\/p>\n<table class=\"custom-table\" summary=\"Tidtabell K\u00e4ring\u00f6n fr\u00e5n Lysekil\">\n<thead>\n<tr>\n<th colspan=\"7\">Time table 2018: Wednesdays July 4th, 11th, 18th, 25th and August 1st.<\/th>\n<\/tr>\n<tr>\n<th colspan=\"7\">Fiskeb\u00e4ckskil-Lysekil-Grundsund-Gullholmen-Moll\u00f6sund-Sk\u00e4rhamn-Marstrand roundtrip<\/th>\n<\/tr>\n<\/thead>\n<tbody>\n<tr>\n<td><\/td>\n<td><\/td>\n<td>\u00a0Kl.\/h.<\/td>\n<td><\/td>\n<td><\/td>\n<td><\/td>\n<td>\u00a0Kl.\/h.<\/td>\n<\/tr>\n<tr>\n<td>Avg.\/Dep.<\/td>\n<td>Fiskeb\u00e4ckskil<\/td>\n<td>08.15<\/td>\n<td><\/td>\n<td>Avg.\/Dep.<\/td>\n<td>Marstrand<\/td>\n<td>14.00<\/td>\n<\/tr>\n<tr>\n<td>Avg.\/Dep.<\/td>\n<td>Lysekil<\/td>\n<td>08.30<\/td>\n<td><\/td>\n<td>\u00a0Ank.\/Arr.<\/td>\n<td>Sk\u00e4rhamn<\/td>\n<td>15.00<\/td>\n<\/tr>\n<tr>\n<td>Avg.\/Dep.<\/td>\n<td>Grundsund<\/td>\n<td>09.00<\/td>\n<td><\/td>\n<td>\u00a0Ank.\/Arr.<\/td>\n<td>Moll\u00f6sund<\/td>\n<td>15.45<\/td>\n<\/tr>\n<tr>\n<td>Avg.\/Dep.<\/td>\n<td>Gullholmen<\/td>\n<td>09.20<\/td>\n<td><\/td>\n<td>Avg.\/Dep.<\/td>\n<td>Gullholmen<\/td>\n<td>16.35<\/td>\n<\/tr>\n<tr>\n<td>Avg.\/Dep.<\/td>\n<td>Moll\u00f6sund<\/td>\n<td>10.10<\/td>\n<td><\/td>\n<td>Avg.\/Dep.<\/td>\n<td>Gundsund<\/td>\n<td>16.55<\/td>\n<\/tr>\n<tr>\n<td>Avg.\/Dep.<\/td>\n<td>Sk\u00e4rhamn<\/td>\n<td>11.00<\/td>\n<td><\/td>\n<td>Avg.\/Dep.<\/td>\n<td>Lysekil<\/td>\n<td>17.30<\/td>\n<\/tr>\n<tr>\n<td>\u00a0Ank.\/Arr.<\/td>\n<td>Marstrand<\/td>\n<td>12.00<\/td>\n<td><\/td>\n<td>\u00a0Ank.\/Arr.<\/td>\n<td>Fiskeb\u00e4ckskil<\/td>\n<td>17.45<\/td>\n<\/tr>\n<tr>\n<td colspan=\"7\"><strong>Focked in Marstrand Noon-2PM<br \/>\n<\/strong><\/td>\n<\/tr>\n<tr>\n<td colspan=\"7\"><span style=\"color: #ff6600;\">Book your ticket by phone +46(0)523-233 52.<\/span><\/td>\n<\/tr>\n<tr>\n<td colspan=\"7\"><\/td>\n<\/tr>\n<tr>\n<td colspan=\"7\"><strong>With SW \u2013 NW gale blowing, there might be delays or some stops may be cancelled. If winds are strong, call us to find out.\u00a0\u00a0<\/strong><\/td>\n<\/tr>\n<\/tbody>\n<tfoot>\n<tr>\n<td colspan=\"7\"><\/td>\n<\/tr>\n<\/tfoot>\n<\/table>\n<p>[\/custom_table][\/vc_column_text][vc_custom_heading text=\u201dTo do tips Marstrand\u201d font_container=\u201dtag:h2|font_size:18px|text_align:left|color:%23ff6600\u2033 google_fonts=\u201dfont_family:Open%20Sans%3A300%2C300italic%2Cregular%2Citalic%2C600%2C600italic%2C700%2C700italic%2C800%2C800italic|font_style:600%20bold%20regular%3A600%3Anormal\u201d][rev_slider_vc alias=\u201dmarstrand\u201d][vc_custom_heading text=\u201dDocking spot in Lysekil: South harbour, with a sign on the dock. (Bus stop nearby)\u201d font_container=\u201dtag:h2|font_size:18px|text_align:left|color:%23ff6600\u2033 google_fonts=\u201dfont_family:Open%20Sans%3A300%2C300italic%2Cregular%2Citalic%2C600%2C600italic%2C700%2C700italic%2C800%2C800italic|font_style:600%20bold%20regular%3A600%3Anormal\u201d][vc_gmaps link=\u201d#E-8_JTNDaWZyYW1lJTIwc3JjJTNEJTIyaHR0cHMlM0ElMkYlMkZ3d3cuZ29vZ2xlLmNvbSUyRm1hcHMlMkZlbWJlZCUzRnBiJTNEJTIxMW0xOCUyMTFtMTIlMjExbTMlMjExZDE3NTYuMDI0MDUyNDM3MzM5JTIxMmQxMS40MzczNTkzMTIzOTIwMzUlMjEzZDU4LjI3MzIzMTk4OTU5MTUlMjEybTMlMjExZjAlMjEyZjAlMjEzZjAlMjEzbTIlMjExaTEwMjQlMjEyaTc2OCUyMTRmMTMuMSUyMTNtMyUyMTFtMiUyMTFzMHg0NjQ1YTNjYjZlOWQwZWYxJTI1M0EweDNjMzY2NWE2ZGVmZjIxZDQlMjEyc0x5c2VraWwlMkJTJTI1QzMlMjVCNmRyYSUyQkhhbW5lbiUyMTVlMSUyMTNtMiUyMTFzc3YlMjEyc3NlJTIxNHYxNDMwOTAxODA4NTI3JTIyJTIwd2lkdGglM0QlMjI2MDAlMjIlMjBoZWlnaHQlM0QlMjI0NTAlMjIlMjBmcmFtZWJvcmRlciUzRCUyMjAlMjIlMjBzdHlsZSUzRCUyMmJvcmRlciUzQTAlMjIlM0UlM0MlMkZpZnJhbWUlM0U=\u201d][vc_message icon_fontawesome=\u201dfa fa-phone\u201d]Phone number onboard:\u00a0+46 (0)70-509 3352[\/vc_message][\/vc_column][vc_column width=\u201d1\/3\u2033][vc_cta_button2 h2=\u201dPaying methods onboard\u201d position=\u201dbottom\u201d accent_color=\u201d#6ac9c6\u2033]The ticket is payed onboard. We accept cash and credit cards (visa, mastercard).[\/vc_cta_button2][vc_cta_button2 h2=\u201dService onboard\u201d accent_color=\u201d#6ac9c6\u2033]<\/p>\n<ul>\n<li>Cafeteria & bar<\/li>\n<li>Sandwiches, coffee\/tea, snacks, cookies & buns, sodas. Beer & wine. No hot lunches.<\/li>\n<li>We heat up baby food<\/li>\n<li>Sun deck<\/li>\n<li>In-door salon<\/li>\n<li>Screen showing the route in realtime<\/li>\n<li>Bath room<\/li>\n<li>No guiding in the loud speakers.<\/li>\n<\/ul>\n<p>[\/vc_cta_button2][vc_message icon_fontawesome=\u201dfa fa-phone\u201d]Phone number onboard:\u00a0+46 (0)70-509 3352[\/vc_message][\/vc_column][\/vc_row]<\/p>\n","protected":false},"excerpt":{"rendered":"<p>[vc_row][vc_column width=\u201d2\/3\u2033][vc_column_text] In 2019 this route is only offered to charter groups. There is no set time table for this tour in 2019! Fiskeb\u00e4ckskil-Lysekil-Marstrand roundtrip via Grundsund, Gullholmen and more stops. The route goes along the \u201cblue E6\u201d close to the coastal hamlets and among the islets. Here you can really enjoy the archipelago at&hellip; <a class=\"more-link\" href=\"https:\/\/dejlig.elfordig.se\/en\/boat-trips-and-island-hopping-in-bohuslan-archipelago\/boat-trip-lysekil-marstrand-island-hopping\/\">Continue reading <span class=\"screen-reader-text\">Boat trip Lysekil-Marstrand roundtrip<\/span><\/a><\/p>\n","protected":false},"author":1,"featured_media":909,"parent":1452,"menu_order":0,"comment_status":"open","ping_status":"open","template":"page-FullWidth.php","meta":{"footnotes":""},"class_list":["post-1465","page","type-page","status-publish","has-post-thumbnail","hentry","entry"],"_links":{"self":[{"href":"https:\/\/dejlig.elfordig.se\/en\/wp-json\/wp\/v2\/pages\/1465","targetHints":{"allow":["GET"]}}],"collection":[{"href":"https:\/\/dejlig.elfordig.se\/en\/wp-json\/wp\/v2\/pages"}],"about":[{"href":"https:\/\/dejlig.elfordig.se\/en\/wp-json\/wp\/v2\/types\/page"}],"author":[{"embeddable":true,"href":"https:\/\/dejlig.elfordig.se\/en\/wp-json\/wp\/v2\/users\/1"}],"replies":[{"embeddable":true,"href":"https:\/\/dejlig.elfordig.se\/en\/wp-json\/wp\/v2\/comments?post=1465"}],"version-history":[{"count":8,"href":"https:\/\/dejlig.elfordig.se\/en\/wp-json\/wp\/v2\/pages\/1465\/revisions"}],"predecessor-version":[{"id":2021,"href":"https:\/\/dejlig.elfordig.se\/en\/wp-json\/wp\/v2\/pages\/1465\/revisions\/2021"}],"up":[{"embeddable":true,"href":"https:\/\/dejlig.elfordig.se\/en\/wp-json\/wp\/v2\/pages\/1452"}],"wp:featuredmedia":[{"embeddable":true,"href":"https:\/\/dejlig.elfordig.se\/en\/wp-json\/wp\/v2\/media\/909"}],"wp:attachment":[{"href":"https:\/\/dejlig.elfordig.se\/en\/wp-json\/wp\/v2\/media?parent=1465"}],"curies":[{"name":"wp","href":"https:\/\/api.w.org\/{rel}","templated":true}]}}