{"id":1479,"date":"2018-03-15T14:04:14","date_gmt":"2018-03-15T13:04:14","guid":{"rendered":"http:\/\/dejligcruise.se\/contact\/"},"modified":"2018-07-23T13:14:56","modified_gmt":"2018-07-23T11:14:56","slug":"contact","status":"publish","type":"page","link":"https:\/\/dejlig.elfordig.se\/en\/contact\/","title":{"rendered":"Contact"},"content":{"rendered":"<p>[one_half]Please contact us about boat trips in Bohusl\u00e4n, onboard conferences, cruises in the Bohusl\u00e4n archipelago and seal safaris. Below are our contact details.<\/p>\n<div id=\"contactInfo\">\n<div class=\"grid_4 contactFieldDesc\">Address:<\/div>\n<div class=\"grid_11 contactFieldValue\">Dejlig Cruise i Fiskeb\u00e4ckskil AB<\/div>\n<div class=\"clear\"><\/div>\n<div class=\"grid_4 contactFieldDesc\"><\/div>\n<div class=\"grid_11 contactFieldValue\">Vitsippsv\u00e4gen 10<\/div>\n<div class=\"clear\"><\/div>\n<div class=\"grid_4 contactFieldDesc\"><\/div>\n<div class=\"grid_11 contactFieldValue\">451 78 Fiskeb\u00e4ckskil, Sweden<\/div>\n<div class=\"clear\"><\/div>\n<div class=\"grid_4 contactFieldDesc\">Telephone:<\/div>\n<div class=\"grid_11 contactFieldValue\">+46 (0)523-23352<\/div>\n<div class=\"clear\"><\/div>\n<div class=\"grid_4 contactFieldDesc\">Cell phone onboard:<\/div>\n<div class=\"grid_11 contactFieldValue\">+46 (0)70-509 3352<\/div>\n<div class=\"clear\"><\/div>\n<div class=\"grid_4 contactFieldDesc\">E-mail<\/div>\n<div class=\"grid_11 contactFieldValue\">info[@]dejlig.elfordig.se<\/div>\n<div class=\"clear\"><\/div>\n<div class=\"grid_4 contactFieldDesc\">Org.no.<\/div>\n<div class=\"grid_11 contactFieldValue\">556640-4892<\/div>\n<\/div>\n<div class=\"grid_11 contactFieldValue\"><\/div>\n<div class=\"grid_11 contactFieldValue\">\u00a0[\/one_half][one_half_last]<\/div>\n<div class=\"grid_11 contactFieldValue\"><\/div>\n<div class=\"grid_11 contactFieldValue\"><\/div>\n<div id=\"contactInfo\"><\/div>\n<p><iframe style=\"border: 0;\" src=\"https:\/\/www.google.com\/maps\/embed?pb=!1m22!1m12!1m3!1d1758.1149163300872!2d11.461953716672058!3d58.24539022037973!2m3!1f0!2f0!3f0!3m2!1i1024!2i768!4f13.1!4m7!1i0!3e6!4m0!4m3!3m2!1d58.2451448!2d11.460678099999999!5e1!3m2!1ssv!2sse!4v1430901312495\" width=\"400\" height=\"300\" frameborder=\"0\"><\/iframe><\/p>\n<p>Windros home port: Kyrkekajen 8 in Fiskeb\u00e4ckskil, Skaft\u00f6. Next to the Sailing Training Vessel Kvartsita, which has two high masts.<\/p>\n<p>[\/one_half_last]<\/p>\n","protected":false},"excerpt":{"rendered":"<p>[one_half]Please contact us about boat trips in Bohusl\u00e4n, onboard conferences, cruises in the Bohusl\u00e4n archipelago and seal safaris. Below are our contact details. Address: Dejlig Cruise i Fiskeb\u00e4ckskil AB Vitsippsv\u00e4gen 10 451 78 Fiskeb\u00e4ckskil, Sweden Telephone: +46 (0)523-23352 Cell phone onboard: +46 (0)70-509 3352 E-mail info[@]dejlig.elfordig.se Org.no. 556640-4892 \u00a0[\/one_half][one_half_last] Windros home port: Kyrkekajen 8 in&hellip; <a class=\"more-link\" href=\"https:\/\/dejlig.elfordig.se\/en\/contact\/\">Continue reading <span class=\"screen-reader-text\">Contact<\/span><\/a><\/p>\n","protected":false},"author":1,"featured_media":1141,"parent":0,"menu_order":0,"comment_status":"open","ping_status":"open","template":"page-FullWidth.php","meta":{"footnotes":""},"class_list":["post-1479","page","type-page","status-publish","has-post-thumbnail","hentry","entry"],"_links":{"self":[{"href":"https:\/\/dejlig.elfordig.se\/en\/wp-json\/wp\/v2\/pages\/1479","targetHints":{"allow":["GET"]}}],"collection":[{"href":"https:\/\/dejlig.elfordig.se\/en\/wp-json\/wp\/v2\/pages"}],"about":[{"href":"https:\/\/dejlig.elfordig.se\/en\/wp-json\/wp\/v2\/types\/page"}],"author":[{"embeddable":true,"href":"https:\/\/dejlig.elfordig.se\/en\/wp-json\/wp\/v2\/users\/1"}],"replies":[{"embeddable":true,"href":"https:\/\/dejlig.elfordig.se\/en\/wp-json\/wp\/v2\/comments?post=1479"}],"version-history":[{"count":4,"href":"https:\/\/dejlig.elfordig.se\/en\/wp-json\/wp\/v2\/pages\/1479\/revisions"}],"predecessor-version":[{"id":1540,"href":"https:\/\/dejlig.elfordig.se\/en\/wp-json\/wp\/v2\/pages\/1479\/revisions\/1540"}],"wp:featuredmedia":[{"embeddable":true,"href":"https:\/\/dejlig.elfordig.se\/en\/wp-json\/wp\/v2\/media\/1141"}],"wp:attachment":[{"href":"https:\/\/dejlig.elfordig.se\/en\/wp-json\/wp\/v2\/media?parent=1479"}],"curies":[{"name":"wp","href":"https:\/\/api.w.org\/{rel}","templated":true}]}}